{"id":3773,"date":"2014-09-14T09:21:44","date_gmt":"2014-09-14T09:21:44","guid":{"rendered":"http:\/\/smyros.help-it.gr\/de\/farm-tourism\/"},"modified":"2017-03-04T09:32:30","modified_gmt":"2017-03-04T07:32:30","slug":"farm-tourism","status":"publish","type":"page","link":"https:\/\/smyrosresort.gr\/de\/farm-tourism\/","title":{"rendered":"Unsere Farm"},"content":{"rendered":"<div class=\"wpb-content-wrapper\"><p>[vc_row full_width=&#8220;stretch_row&#8220; position=&#8220;right center&#8220; css=&#8220;.vc_custom_1488612576832{background-position: 0 0 !important;background-repeat: no-repeat !important;}&#8220; el_class=&#8220;background-none-mobile&#8220;][vc_column width=&#8220;1\/2&#8243;][vc_column_text]<\/p>\n<h2>Agrotourismus<\/h2>\n<p>Ganz in der N\u00e4he unseres Hotels , befindet sich unsere eigene Farm . Wir bieten an unseren G\u00e4sten, dort, in der nat\u00fcrlichen Umgebung von Parnonas , viele Stunden Arbeitstherapie . Sie werden dort ,in einem Raum von 37Ar ,kleine H\u00e4hne , Perlh\u00fchner , und frische Eier finden. Die Oliven- und Holzernte ist eine der wichtigsten Bed\u00fcrfnissen der Farm . Der Besucher hat die M\u00f6glichkeit ,mit dem Besuch bei diesem landwirtschaftlichen Ort, die landwirtschaftlichen T\u00e4tigkeiten ,die lokale Produkte und die traditionelle K\u00fcche zu lernen . Die echte Merkmale des Ortes . Ich lerne , in einer absolute nat\u00fcrliche Umgebung ,nat\u00fcrlich zu leben . Ich sch\u00e4tze die Natur und die Lebendigkeit .<\/p>\n<p>[\/vc_column_text][\/vc_column][\/vc_row][vc_row full_width=&#8220;stretch_row&#8220; parallax=&#8220;content-moving&#8220; css=&#8220;.vc_custom_1488612715657{background-image: url(https:\/\/smyrosresort.gr\/wp-content\/uploads\/2014\/09\/farma-poulithra1.jpg?id=3777) !important;background-position: center;background-repeat: no-repeat !important;background-size: cover !important;}&#8220; el_class=&#8220;content-padding-mobile-none&#8220;][vc_column width=&#8220;2\/3&#8243; offset=&#8220;vc_col-sm-offset-2&#8243; el_class=&#8220;white-box content-padding-xs&#8220;][vc_images_carousel images=&#8220;3614,3612,4132&#8243;][\/vc_column][\/vc_row][vc_row][vc_column width=&#8220;2\/3&#8243; offset=&#8220;vc_col-sm-offset-2&#8243;]<ul class=\"list-services  text-uppercase\"><li><h3><a href=\"#\">F\u00e4llen, Riss, und Stapeln Brennholz mit Werkzeugen ,die wir von uns angeboten werden.<small><\/small><\/a><\/h3><\/li><li><h3><a href=\"#\">Die Ernte der Olivenfr\u00fcchte oder der Gem\u00fcsen, je nach der Zeit.<small><\/small><\/a><\/h3><\/li><li><h3><a href=\"#\">Die Saat oder die Pflanzung , Mais ,Bohne, Kartoffeln , Zwiebeln und saisonal Gem\u00fcse.<small><\/small><\/a><\/h3><\/li><li><h3><a href=\"#\">Tierpflege, F\u00fcttern und Reinigung des Nestes<small><\/small><\/a><\/h3><\/li><\/ul>[\/vc_column][\/vc_row][vc_row full_width=&#8220;stretch_row&#8220; parallax=&#8220;content-moving&#8220; css=&#8220;.vc_custom_1488612736089{background-image: url(https:\/\/smyrosresort.gr\/wp-content\/uploads\/2014\/09\/olives-paralaz.jpg?id=3783) !important;}&#8220; min_height=&#8220;700px&#8220;][vc_column][\/vc_column][\/vc_row][vc_row][vc_column width=&#8220;1\/3&#8243; offset=&#8220;vc_col-sm-offset-4&#8243;][vc_column_text]<\/p>\n<h2 class=\"text-center text-uppercase\" style=\"text-align: center;\"><small><span id=\"result_box\" class=\"short_text\" lang=\"de\"><span class=\"alt-edited\">Dr\u00fccken Sie Ihr Interesse<\/span><\/span><\/small><span id=\"result_box\" class=\"short_text\" lang=\"de\"><span class=\"\">TEILNAHME IN DER LANDWIRTSCHAFT<\/span><\/span><\/h2>\n<p class=\"text-center\" style=\"text-align: center;\"><span id=\"result_box\" class=\"\" lang=\"de\"><span class=\"\">Halten Sie informiert, elektronisch, f\u00fcr die besten Perioden, die Sie leben k\u00f6nnen und erhalten Sie die besten Erfahrungen in der Natur.<\/span> <span class=\"\">Wir melden uns umgehend bei Ihnen per Telefon oder E-Mail.<\/span><\/span><\/p>\n<p>[\/vc_column_text]<form role=\"form\" class=\"booking-form  light\" action=\"\/\" id=\"prefill-form-6\" data-locale-months=\"Januar,Februar,M\u00e4rz,April,Mai,Juni,Juli,August,September,Oktober,November,Dezember\" data-locale-months-short=\"Jan.,Feb.,M\u00e4rz,Apr.,Mai,Juni,Juli,Aug.,Sep.,Okt.,Nov.,Dez.\" data-locale-days=\"Sonntag,Montag,Dienstag,Mittwoch,Donnerstag,Freitag,Samstag\" data-locale-days-short=\"So.,Mo.,Di.,Mi.,Do.,Fr.,Sa.\" data-locale-days-min=\"S,M,D,M,D,F,S\" data-locale-first-day=\"1\"><div class=\"form-group\"><input type=\"button\" class=\"btn btn-primary modal-button  btn-block\" name=\"Anfrage senden\" value=\"Anfrage senden\"  data-target=\"#prefill-modal-6\"><\/div><\/form><div class=\"modal fade\" id=\"prefill-modal-6\" tabindex=\"-1\" role=\"dialog\" aria-hidden=\"true\" aria-labelledby=\"\"><div class=\"modal-dialog\"><div class=\"modal-content\"><div class=\"modal-header\"><button type=\"button\" class=\"close\" data-dismiss=\"modal\" data-toggle=\"tooltip\" title=\"Close\"><span>&times;<\/span><span class=\"sr-only\">Close<\/span><\/button><h2 id=\"6\">Unsere Farm Form<\/h2><\/div><div class=\"modal-body\"><noscript class=\"ninja-forms-noscript-message\">\n\tHinweis: F\u00fcr diesen Inhalt ist JavaScript erforderlich.<\/noscript>\n<div id=\"nf-form-6-cont\" class=\"nf-form-cont\" aria-live=\"polite\" aria-labelledby=\"nf-form-title-6\" aria-describedby=\"nf-form-errors-6\" role=\"form\">\n\n    <div class=\"nf-loading-spinner\"><\/div>\n\n<\/div>\n        <!-- That data is being printed as a workaround to page builders reordering the order of the scripts loaded-->\n        <script>var formDisplay=1;var nfForms=nfForms||[];var form=[];form.id='6';form.settings={\"objectType\":\"Form Setting\",\"editActive\":true,\"title\":\"Unsere Farm Form\",\"key\":\"\",\"created_at\":\"2016-08-24 16:39:20\",\"default_label_pos\":\"above\",\"_seq_num\":\"3\",\"conditions\":[],\"show_title\":\"1\",\"clear_complete\":\"1\",\"hide_complete\":\"1\",\"wrapper_class\":\"\",\"element_class\":\"\",\"add_submit\":\"1\",\"logged_in\":\"\",\"not_logged_in_msg\":\"\",\"sub_limit_number\":\"\",\"sub_limit_msg\":\"\",\"calculations\":[],\"formContentData\":[\"name_1487223456652\",\"email\",\"nachricht_1487242182981\",\"anfrage_senden_1487242203405\"],\"container_styles_background-color\":\"\",\"container_styles_border\":\"\",\"container_styles_border-style\":\"\",\"container_styles_border-color\":\"\",\"container_styles_color\":\"\",\"container_styles_height\":\"\",\"container_styles_width\":\"\",\"container_styles_font-size\":\"\",\"container_styles_margin\":\"\",\"container_styles_padding\":\"\",\"container_styles_display\":\"\",\"container_styles_float\":\"\",\"container_styles_show_advanced_css\":\"0\",\"container_styles_advanced\":\"\",\"title_styles_background-color\":\"\",\"title_styles_border\":\"\",\"title_styles_border-style\":\"\",\"title_styles_border-color\":\"\",\"title_styles_color\":\"\",\"title_styles_height\":\"\",\"title_styles_width\":\"\",\"title_styles_font-size\":\"\",\"title_styles_margin\":\"\",\"title_styles_padding\":\"\",\"title_styles_display\":\"\",\"title_styles_float\":\"\",\"title_styles_show_advanced_css\":\"0\",\"title_styles_advanced\":\"\",\"row_styles_background-color\":\"\",\"row_styles_border\":\"\",\"row_styles_border-style\":\"\",\"row_styles_border-color\":\"\",\"row_styles_color\":\"\",\"row_styles_height\":\"\",\"row_styles_width\":\"\",\"row_styles_font-size\":\"\",\"row_styles_margin\":\"\",\"row_styles_padding\":\"\",\"row_styles_display\":\"\",\"row_styles_show_advanced_css\":\"0\",\"row_styles_advanced\":\"\",\"row-odd_styles_background-color\":\"\",\"row-odd_styles_border\":\"\",\"row-odd_styles_border-style\":\"\",\"row-odd_styles_border-color\":\"\",\"row-odd_styles_color\":\"\",\"row-odd_styles_height\":\"\",\"row-odd_styles_width\":\"\",\"row-odd_styles_font-size\":\"\",\"row-odd_styles_margin\":\"\",\"row-odd_styles_padding\":\"\",\"row-odd_styles_display\":\"\",\"row-odd_styles_show_advanced_css\":\"0\",\"row-odd_styles_advanced\":\"\",\"success-msg_styles_background-color\":\"\",\"success-msg_styles_border\":\"\",\"success-msg_styles_border-style\":\"\",\"success-msg_styles_border-color\":\"\",\"success-msg_styles_color\":\"\",\"success-msg_styles_height\":\"\",\"success-msg_styles_width\":\"\",\"success-msg_styles_font-size\":\"\",\"success-msg_styles_margin\":\"\",\"success-msg_styles_padding\":\"\",\"success-msg_styles_display\":\"\",\"success-msg_styles_show_advanced_css\":\"0\",\"success-msg_styles_advanced\":\"\",\"error_msg_styles_background-color\":\"\",\"error_msg_styles_border\":\"\",\"error_msg_styles_border-style\":\"\",\"error_msg_styles_border-color\":\"\",\"error_msg_styles_color\":\"\",\"error_msg_styles_height\":\"\",\"error_msg_styles_width\":\"\",\"error_msg_styles_font-size\":\"\",\"error_msg_styles_margin\":\"\",\"error_msg_styles_padding\":\"\",\"error_msg_styles_display\":\"\",\"error_msg_styles_show_advanced_css\":\"0\",\"error_msg_styles_advanced\":\"\",\"currency\":\"\",\"lock\":\"0\",\"ninjaForms\":\"Ninja Forms\",\"changeEmailErrorMsg\":\"Bitte gib eine g\\u00fcltige E-Mail-Adresse ein.\",\"changeDateErrorMsg\":\"Bitte gib ein g\\u00fcltiges Datum ein!\",\"confirmFieldErrorMsg\":\"Diese Felder m\\u00fcssen \\u00fcbereinstimmen!\",\"fieldNumberNumMinError\":\"Die eingegebene Zahl ist zu klein.\",\"fieldNumberNumMaxError\":\"Die eingegebene Zahl ist zu gross.\",\"fieldNumberIncrementBy\":\"Bitte erh\\u00f6hen in Schritten von\",\"fieldTextareaRTEInsertLink\":\"Link einf\\u00fcgen\",\"fieldTextareaRTEInsertMedia\":\"Medien einf\\u00fcgen\",\"fieldTextareaRTESelectAFile\":\"Eine Datei ausw\\u00e4hlen\",\"formErrorsCorrectErrors\":\"Bitte korrigiere die Fehler, bevor du das Formular sendest.\",\"formHoneypot\":\"Falls du ein Mensch bist und dieses Feld siehst, dann lasse es bitte leer.\",\"validateRequiredField\":\"Dies ist ein Pflichtfeld.\",\"honeypotHoneypotError\":\"Honeypot-Fehler\",\"fileUploadOldCodeFileUploadInProgress\":\"Datei-Upload l\\u00e4uft.\",\"fileUploadOldCodeFileUpload\":\"DATEI-UPLOAD\",\"currencySymbol\":\"&#36;\",\"fieldsMarkedRequired\":\"Felder mit einem <span class=\\\"ninja-forms-req-symbol\\\">*<\\\/span> sind Pflichtfelder\",\"thousands_sep\":\".\",\"decimal_point\":\",\",\"siteLocale\":\"de_DE\",\"dateFormat\":\"m\\\/d\\\/Y\",\"startOfWeek\":\"1\",\"of\":\"von\",\"previousMonth\":\"Vorheriger Monat\",\"nextMonth\":\"N\\u00e4chster Monat\",\"months\":[\"Januar\",\"Februar\",\"M\\u00e4rz\",\"April\",\"Mai\",\"Juni\",\"Juli\",\"August\",\"September\",\"Oktober\",\"November\",\"Dezember\"],\"monthsShort\":[\"Jan\",\"Feb\",\"Mrz\",\"Apr\",\"Mai\",\"Jun\",\"Jul\",\"Aug\",\"Sep\",\"Okt\",\"Nov\",\"Dez\"],\"weekdays\":[\"Sonntag\",\"Montag\",\"Dienstag\",\"Mittwoch\",\"Donnerstag\",\"Freitag\",\"Samstag\"],\"weekdaysShort\":[\"So\",\"Mo\",\"Die\",\"Mi\",\"Do\",\"Fr\",\"Sa\"],\"weekdaysMin\":[\"So.\",\"Mo.\",\"Di.\",\"Mi.\",\"Do.\",\"Fr.\",\"Sa.\"],\"recaptchaConsentMissing\":\"reCaptcha validation couldn&#039;t load.\",\"recaptchaMissingCookie\":\"reCaptcha v3 validation couldn&#039;t load the cookie needed to submit the form.\",\"recaptchaConsentEvent\":\"Accept reCaptcha cookies before sending the form.\",\"embed_form\":\"\",\"currency_symbol\":\"\",\"beforeForm\":\"\",\"beforeFields\":\"\",\"afterFields\":\"\",\"afterForm\":\"\"};form.fields=[{\"objectType\":\"Field\",\"objectDomain\":\"fields\",\"editActive\":false,\"order\":1,\"label_pos\":\"above\",\"required\":1,\"input_limit_type\":\"characters\",\"input_limit_msg\":\"Character(s) left\",\"wrap_styles_show_advanced_css\":0,\"label_styles_show_advanced_css\":0,\"element_styles_show_advanced_css\":0,\"cellcid\":\"c3277\",\"label\":\"Name\",\"key\":\"name_1487223456652\",\"type\":\"textbox\",\"manual_key\":false,\"placeholder\":\"\",\"default\":\"\",\"container_class\":\"\",\"element_class\":\"\",\"input_limit\":\"\",\"disable_input\":\"\",\"admin_label\":\"\",\"help_text\":\"\",\"desc_text\":\"\",\"disable_browser_autocomplete\":\"\",\"mask\":\"\",\"custom_mask\":\"\",\"id\":40,\"beforeField\":\"\",\"afterField\":\"\",\"value\":\"\",\"parentType\":\"textbox\",\"element_templates\":[\"textbox\",\"input\"],\"old_classname\":\"\",\"wrap_template\":\"wrap\"},{\"objectType\":\"Field\",\"objectDomain\":\"fields\",\"editActive\":false,\"order\":2,\"label_pos\":\"above\",\"required\":1,\"wrap_styles_show_advanced_css\":0,\"label_styles_show_advanced_css\":0,\"element_styles_show_advanced_css\":0,\"cellcid\":\"c3281\",\"label\":\"Email\",\"key\":\"email\",\"type\":\"email\",\"default\":\"\",\"placeholder\":\"\",\"container_class\":\"\",\"element_class\":\"\",\"admin_label\":\"\",\"help_text\":\"\",\"desc_text\":\"\",\"id\":41,\"beforeField\":\"\",\"afterField\":\"\",\"value\":\"\",\"parentType\":\"email\",\"element_templates\":[\"email\",\"input\"],\"old_classname\":\"\",\"wrap_template\":\"wrap\"},{\"objectType\":\"Field\",\"objectDomain\":\"fields\",\"editActive\":false,\"order\":3,\"label_pos\":\"above\",\"required\":1,\"input_limit_type\":\"characters\",\"input_limit_msg\":\"Character(s) left\",\"wrap_styles_show_advanced_css\":0,\"label_styles_show_advanced_css\":0,\"element_styles_show_advanced_css\":0,\"cellcid\":\"c3284\",\"label\":\"Nachricht\",\"key\":\"nachricht_1487242182981\",\"type\":\"textarea\",\"manual_key\":false,\"placeholder\":\"\",\"default\":\"\",\"container_class\":\"\",\"element_class\":\"\",\"input_limit\":\"\",\"disable_input\":\"\",\"admin_label\":\"\",\"help_text\":\"\",\"desc_text\":\"\",\"disable_browser_autocomplete\":\"\",\"textarea_rte\":\"\",\"disable_rte_mobile\":\"\",\"textarea_media\":\"\",\"id\":42,\"beforeField\":\"\",\"afterField\":\"\",\"value\":\"\",\"parentType\":\"textarea\",\"element_templates\":[\"textarea\",\"input\"],\"old_classname\":\"\",\"wrap_template\":\"wrap\"},{\"objectType\":\"Field\",\"objectDomain\":\"fields\",\"editActive\":false,\"order\":5,\"processing_label\":\"Processing\",\"wrap_styles_show_advanced_css\":0,\"label_styles_show_advanced_css\":0,\"element_styles_show_advanced_css\":0,\"submit_element_hover_styles_show_advanced_css\":0,\"cellcid\":\"c3287\",\"label\":\"Anfrage senden\",\"key\":\"anfrage_senden_1487242203405\",\"type\":\"submit\",\"container_class\":\"\",\"element_class\":\"\",\"id\":43,\"beforeField\":\"\",\"afterField\":\"\",\"value\":\"\",\"label_pos\":\"above\",\"parentType\":\"textbox\",\"element_templates\":[\"submit\",\"button\",\"input\"],\"old_classname\":\"\",\"wrap_template\":\"wrap-no-label\"}];nfForms.push(form);<\/script>\n        <\/div><\/div><\/div><\/div>[\/vc_column][\/vc_row]<\/p>\n<\/div>","protected":false},"excerpt":{"rendered":"<p>[vc_row full_width=&#8220;stretch_row&#8220; position=&#8220;right center&#8220; css=&#8220;.vc_custom_1488612576832{background-position: 0 0 !important;background-repeat: no-repeat !important;}&#8220; el_class=&#8220;background-none-mobile&#8220;][vc_column width=&#8220;1\/2&#8243;][vc_column_text] Agrotourismus Ganz in der N\u00e4he unseres Hotels , [&hellip;]<\/p>\n","protected":false},"author":1,"featured_media":0,"parent":0,"menu_order":0,"comment_status":"closed","ping_status":"open","template":"","meta":{"footnotes":""},"class_list":["post-3773","page","type-page","status-publish","hentry"],"_links":{"self":[{"href":"https:\/\/smyrosresort.gr\/de\/wp-json\/wp\/v2\/pages\/3773","targetHints":{"allow":["GET"]}}],"collection":[{"href":"https:\/\/smyrosresort.gr\/de\/wp-json\/wp\/v2\/pages"}],"about":[{"href":"https:\/\/smyrosresort.gr\/de\/wp-json\/wp\/v2\/types\/page"}],"author":[{"embeddable":true,"href":"https:\/\/smyrosresort.gr\/de\/wp-json\/wp\/v2\/users\/1"}],"replies":[{"embeddable":true,"href":"https:\/\/smyrosresort.gr\/de\/wp-json\/wp\/v2\/comments?post=3773"}],"version-history":[{"count":8,"href":"https:\/\/smyrosresort.gr\/de\/wp-json\/wp\/v2\/pages\/3773\/revisions"}],"predecessor-version":[{"id":4289,"href":"https:\/\/smyrosresort.gr\/de\/wp-json\/wp\/v2\/pages\/3773\/revisions\/4289"}],"wp:attachment":[{"href":"https:\/\/smyrosresort.gr\/de\/wp-json\/wp\/v2\/media?parent=3773"}],"curies":[{"name":"wp","href":"https:\/\/api.w.org\/{rel}","templated":true}]}}