{"id":3810,"date":"2014-09-14T09:21:09","date_gmt":"2014-09-14T09:21:09","guid":{"rendered":"http:\/\/smyros.help-it.gr\/de\/resort\/%ce%b5%cf%83%cf%84%ce%b9%ce%b1%cf%84%ce%bf%cf%81%ce%b9%ce%bf\/"},"modified":"2017-03-04T09:26:04","modified_gmt":"2017-03-04T07:26:04","slug":"services","status":"publish","type":"page","link":"https:\/\/smyrosresort.gr\/de\/services\/","title":{"rendered":"Services"},"content":{"rendered":"<div class=\"wpb-content-wrapper\"><p>[vc_row el_id=&#8220;restaurant-services-de&#8220;][vc_column width=&#8220;1\/2&#8243;][vc_single_image image=&#8220;3433&#8243; img_size=&#8220;full&#8220;][\/vc_column][vc_column width=&#8220;1\/2&#8243;][vc_column_text]<\/p>\n<h2><small>Griechische und Internationale Kueche.<\/small><\/h2>\n<h2>Das Restaurant<\/h2>\n<p>Im\u00a0 Hauptrestaurant\u00a0 des Hotels Koennen Sie sich geniessen ein reichhaltigem Fr\u00fchst\u00fccksbuffet, sowie unsere aussergewoehnliche\u00a0 griechische und internationale\u00a0 Kueche\u00a0 waehrend\u00a0 das Mittagessen und Abendessen .<\/p>\n<p>Der diskrete Luxus\u00a0 wird Ihnen\u00a0 bis in die kleinsten details, wirklich unvergesslich bleiben. Die einzige freihe Meersblick im\u00a0 Sommer und die W\u00e4rme des Kamins\u00a0 ins Winter\u00a0 werden\u00a0 Sie sich\u00a0 ins Eure glueckligsten Augenblicken begleiten<\/p>\n<p>&nbsp;<\/p>\n<p>&nbsp;<\/p>\n<p><a class=\"btn btn-inline\" href=\"https:\/\/smyrosresort.gr\/de\/media-gallery#restaurant-media-de\">Sehen Sie bitte mehrere Fotos unseres Restaurants an<\/a>[\/vc_column_text][\/vc_column][\/vc_row][vc_row full_width=&#8220;stretch_row_content&#8220; full_height=&#8220;yes&#8220; parallax_layers=&#8220;yes&#8220; css=&#8220;.vc_custom_1488612340910{background-image: url(https:\/\/smyrosresort.gr\/wp-content\/uploads\/2014\/09\/epikoinonia.jpg?id=3851) !important;}&#8220;][vc_column width=&#8220;1\/4&#8243;][\/vc_column][vc_column width=&#8220;1\/2&#8243;][vc_single_image image=&#8220;3339&#8243; img_size=&#8220;full&#8220; alignment=&#8220;center&#8220; style=&#8220;vc_box_rounded&#8220; css_animation=&#8220;top-to-bottom&#8220;][vc_column_text el_class=&#8220;img_white_background &#8222;]Das Smyros Resort verk\u00f6rpert die Vision einer Luxus- Hotelanlage in paradiesischer Lage ,das seinen G\u00e4sten mit seinen vier Sternen ein einzigartiges luxuri\u00f6ses Ambiente bieten kann .<br \/>\nWir haben die wilde Sch\u00f6nheit des Steines mit der traditionellen Architektur verbunden und sieben Stein Geb\u00e4ude mit einzigartigem ,?\u00e4sthetischem Anspruch geschaffen. Mittelalterliche Torb\u00f6gen , unterirdische S\u00e4uleng\u00e4nge, Krypten ,Marmorbalkone , Keller, und ein Komplex , aus Steintreppen , lassen die Fantasie in die Vergangenheit reisen . Die Kombination der strengen Schlichte des Steins aus Mani mit hochwertigen Baumaterialien und dem eleganten Interieur der Zimmer beeindruckt jeden Besucher durch ihre unvergleichliche Sch\u00f6nheit und ihre einzigartige Funktionalit\u00e4t . Wir haben daf\u00fcr gesorgt , dass jedes Zimmer einzigartig ist und dabei vor allem auf die Details geachtet .<br \/>\nGenie\u00dfen Sie sich die Sonne und die traumhafte Aussicht vom Pool auf das Meer , kosten Sie die traditionellen Spezialit\u00e4ten der Region , erholen Sie sich an der Bar und erleben Sie romantische Augenblicke ,wenn sich der Mond in der Silber gl\u00e4nzenden \u00c4g\u00e4is spiegelt[\/vc_column_text][\/vc_column][vc_column width=&#8220;1\/4&#8243;][\/vc_column][\/vc_row][vc_row el_id=&#8220;#pool-services-de&#8220;][vc_column width=&#8220;1\/2&#8243;][vc_column_text]<\/p>\n<h1 class=\"text-uppercase\">Entspannen Sie sich\u00a0 in unserem Schwimmbad<\/h1>\n<p>SSie k\u00f6nnen\u00a0 unseren beeindruckenden\u00a0 gro\u00dfen Pool \u00a0nutzen, streifen Sie durch unsere Gartenanlagen oder nehmen Sie an einem der Ausfl\u00fcge teil, die von unserem Personal organisiert werden.<\/p>\n<p>In warmen\u00a0 Sommern\u00e4chten\u00a0 erleben Sie einzigartige Momente\u00a0 in der Oasenfrische in freien \u00a0R\u00e4umen des Schwimmbads\u00a0 und des Gartens.<\/p>\n<p>Die einzigartige\u00a0 ungehinderte Aussicht auf das ruhige Meer, vom Schwimmbad\u00a0 wird \u00a0\u00a0\u00a0\u00a0 Ihnen wirklich\u00a0 den Atem rauben\u00a0 und Sie werden sich f\u00fchlen , wie in einer Traumumgebung.<\/p>\n<p>Die Pool-Bar bietet den G\u00e4sten neben leichten Snacks und Drinks die M\u00f6glichkeit , im revitalisierenden Wasser des Pools zu entspannen oder einen einzigartigen Sonnenuntergang am Meer zu genie\u00dfen.[\/vc_column_text][\/vc_column][vc_column width=&#8220;1\/2&#8243;][vc_images_carousel images=&#8220;3346,3347,3348,3349,3350&#8243;][\/vc_column][\/vc_row][vc_row el_id=&#8220;xoroi&#8220; css=&#8220;.vc_custom_1480340402651{margin-bottom: -100px !important;}&#8220;][vc_column][vc_column_text]<\/p>\n<h2 class=\"text-center\"><small>Geniessen Sie unsere Raeume<\/small> Smyros Resort<\/h2>\n<p>[\/vc_column_text][\/vc_column][\/vc_row][vc_row][vc_column][vc_gallery images=&#8220;3457,3451,3450,3456,4077,4074,4081,4084,4087,4093,4096,4099&#8243; img_size=&#8220;full&#8220; columns=&#8220;5&#8243;][\/vc_column][\/vc_row][vc_row css=&#8220;.vc_custom_1479306178782{margin-top: -160px !important;}&#8220;][vc_column][vc_column_text]Die einzigartigen gepflasterten Wege und G\u00e4sschen ,die durch das Smyros Resort durch mittelalterliche B\u00f6gen und unterirdische S\u00e4uleng\u00e4nge f\u00fchren ,bieten sich zum entspannten Spazieren an. Die dezente Beleuchtung am Abend wird Sie nicht nur faszinieren sondern auch in zauberhafte Welten entf\u00fchren. Spazieren Sie durch den Garten , entdecken Sie den malerischen Hafen am Eingang der Anlage und folgen Sie den Pfaden ,die Sie zu traumhaften ,abgeschiedenen Str\u00e4nden f\u00fchren.[\/vc_column_text][\/vc_column][\/vc_row]<\/p>\n<\/div>","protected":false},"excerpt":{"rendered":"<p>[vc_row el_id=&#8220;restaurant-services-de&#8220;][vc_column width=&#8220;1\/2&#8243;][vc_single_image image=&#8220;3433&#8243; img_size=&#8220;full&#8220;][\/vc_column][vc_column width=&#8220;1\/2&#8243;][vc_column_text] Griechische und Internationale Kueche. Das Restaurant Im\u00a0 Hauptrestaurant\u00a0 des Hotels Koennen Sie sich geniessen [&hellip;]<\/p>\n","protected":false},"author":1,"featured_media":0,"parent":0,"menu_order":0,"comment_status":"closed","ping_status":"open","template":"","meta":{"footnotes":""},"class_list":["post-3810","page","type-page","status-publish","hentry"],"_links":{"self":[{"href":"https:\/\/smyrosresort.gr\/de\/wp-json\/wp\/v2\/pages\/3810","targetHints":{"allow":["GET"]}}],"collection":[{"href":"https:\/\/smyrosresort.gr\/de\/wp-json\/wp\/v2\/pages"}],"about":[{"href":"https:\/\/smyrosresort.gr\/de\/wp-json\/wp\/v2\/types\/page"}],"author":[{"embeddable":true,"href":"https:\/\/smyrosresort.gr\/de\/wp-json\/wp\/v2\/users\/1"}],"replies":[{"embeddable":true,"href":"https:\/\/smyrosresort.gr\/de\/wp-json\/wp\/v2\/comments?post=3810"}],"version-history":[{"count":18,"href":"https:\/\/smyrosresort.gr\/de\/wp-json\/wp\/v2\/pages\/3810\/revisions"}],"predecessor-version":[{"id":4287,"href":"https:\/\/smyrosresort.gr\/de\/wp-json\/wp\/v2\/pages\/3810\/revisions\/4287"}],"wp:attachment":[{"href":"https:\/\/smyrosresort.gr\/de\/wp-json\/wp\/v2\/media?parent=3810"}],"curies":[{"name":"wp","href":"https:\/\/api.w.org\/{rel}","templated":true}]}}