{"id":3849,"date":"2014-09-14T09:19:49","date_gmt":"2014-09-14T09:19:49","guid":{"rendered":"http:\/\/smyros.help-it.gr\/de\/recreation\/"},"modified":"2017-03-04T09:27:32","modified_gmt":"2017-03-04T07:27:32","slug":"location-poulithra","status":"publish","type":"page","link":"https:\/\/smyrosresort.gr\/de\/location-poulithra\/","title":{"rendered":"Location"},"content":{"rendered":"<div class=\"wpb-content-wrapper\"><p>[vc_row full_width=&#8220;stretch_row&#8220; css=&#8220;.vc_custom_1479464944845{background-position: center !important;background-repeat: no-repeat !important;background-size: cover !important;}&#8220;][vc_column width=&#8220;1\/2&#8243;][vc_single_image image=&#8220;3449&#8243; img_size=&#8220;large&#8220; style=&#8220;vc_box_rounded&#8220; css_animation=&#8220;left-to-right&#8220;][\/vc_column][vc_column width=&#8220;1\/2&#8243;][vc_column_text css_animation=&#8220;right-to-left&#8220;]<\/p>\n<h2><small>Hotel<\/small>Smyros Resort<\/h2>\n<p>Die Hotelanlage Smyros Resort ,die in der N\u00e4he von Leonidio (7 Km) und dem antiken Polichni liegt, richtet sich an all diejenigen ,die den Alltag und die Hektik der Stadt hinter sich lassen m\u00f6chten , die die Berge lieben und gleichzeitig nicht auf das Meer verzichten wollen und all diejenigen, die sich nach der Sch\u00f6nheit und Ruhe der Natur sehnen. Leonidio , die Hauptstadt der Provinz Kynouria , streckt Ihnen seine Arme bereits bei der Ankunft in Pelia See entgegen .Es handelt sich um einen kleinen Ort mit 3249 Einwohnern ,der sich 93 km s\u00fcd\u00f6stlich von Tripolis und 210 km von Athen entfernt befindet .Der Ort liegt direkt am Meer und erstreckt sich unterhalb eines halbrunden roten Felsens ,der f\u00fcr Kletterfreunde eine echte Herausforderung darstellt.Leonidio ist eine traditionelle Ortschaft mit historischen Denkm\u00e4lern ,Herrenh\u00e4usern ,die von 1800 erbaut wurden ,sowie neoklassizistischen Geb\u00e4uden aus der Mitte des 19 Jahrhunderts.Dieser herrliche Winkel Griechenlands ist eine besonders fruchtbare Region ,in der Zitrusb\u00e4ume , Oliven, sowie Obst und Gem\u00fcse angebaut werden.[\/vc_column_text][\/vc_column][\/vc_row][vc_row full_width=&#8220;stretch_row&#8220; video_cover=&#8220;3491&#8243; video_mp4=&#8220;http:\/\/smyros.help-it.gr\/wp-content\/uploads\/2014\/09\/snorkelling.mp4&#8243; video_ogg=&#8220;http:\/\/smyros.help-it.gr\/wp-content\/uploads\/2014\/09\/snorkelling.ogv&#8220; video_webm=&#8220;http:\/\/smyros.help-it.gr\/wp-content\/uploads\/2014\/09\/snorkelling.webm&#8220; el_id=&#8220;sea-location-de&#8220;][vc_column width=&#8220;2\/3&#8243; offset=&#8220;vc_col-sm-offset-2&#8243;][vc_column_text el_class=&#8220;img_white_background &#8222;]<\/p>\n<p class=\"titlesstrong\">Poulithra<\/p>\n<p>Poulithra<\/p>\n<p>Nach Professor K.A. Romaios befand sich die antike Stadt Polichni ,die bereits von dem alten Historiker Polybios beschrieben wird, an der Stelle des heutigen Poulithra . Die Akropolis der antiken Stadt liegt auf dem H\u00fcgel direkt, neben dem Hafen des Ortes .Von Plaka aus liegen an der rechten Seite der Stra\u00dfe die arch\u00e4ologische St\u00e4tte Prasiai, der Urlaubsort Poulithra und die arch\u00e4ologische St\u00e4tte Polichni.Poulithra ist der Heimatort des gro\u00dfen griechischen Dichter<br \/>\nOuranis. In Poulithra liegt die antike Stadt Polichni, die Pausanias bereits im Rahmen seiner Reisen beschrieben hatte .Heute gibt es innerhalb des Feuchtbiotops der Gegend die Spuren eines antiken Hafens (Anlegestellen) zu sehen .Auf dem H\u00fcgel gibt es au\u00dferdem eine alte Festung und Mauern aus der Byzantinischen Zeit .\u201e Ich m\u00f6chte nichts mehr als leben wie ein Baum ,dessen Bl\u00e4tter an einem Vormittag im April leise rauschen \u2013 an einem friedvollen Ort ,von hellblauem Licht erleuchtet und von rotem Mohn und wei\u00dfer Kamile erf\u00fcllt . Ich m\u00f6chte nichts mehr als leben wie ein Granatapfel ,der ganz allein im milden Winter erbl\u00fcht auf einer schlichten Steinbank im Sonnenschein , mit wei\u00dfget\u00fcnchter Wand ,die die Erde h\u00e4lt\u201c Kostas Ouranis Auszug aus dem Gedicht VITA NUOVA.<\/p>\n<p>[\/vc_column_text][\/vc_column][\/vc_row][vc_row full_width=&#8220;stretch_row&#8220; css=&#8220;.vc_custom_1487293470899{background-position: center !important;background-repeat: no-repeat !important;background-size: cover !important;}&#8220; el_id=&#8220;parnonas-location-de&#8220;][vc_column width=&#8220;1\/2&#8243;][vc_column_text]<\/p>\n<h2><small>Excursions to nearby places<\/small>Der Berg Parnonas<\/h2>\n<p>Der Parnonas bzw. Molevos bildet das gr\u00f6\u00dfte Gebirgsmassiv auf dem Peloponnes .Mit seiner H\u00f6he von 1940 m trennt der Berg Lakonien von Arkadien und bietet sich ideal f\u00fcr einzigartige Ausfl\u00fcge in der Natur an. Herrliche Gebirgsplateaus ,eine Vielzahl an Berggipfeln, Schluchten von einzigartiger und wilder Sch\u00f6nheit bilden zusammen mit tiefen T\u00e4lern das vielf\u00e4ltige Relief des Parnonas . Die Wanderrouten sind einfach herrlich und unterstreichen den Zauber der Berge . Als Ausgangpunkte daf\u00fcr eignen sich die Orte Agios Petros ,Agios Andreas ,Sitaina, Kastanitsa und Platanos .<\/p>\n<p>[\/vc_column_text][\/vc_column][vc_column width=&#8220;1\/2&#8243;][vc_images_carousel images=&#8220;3407,3375,3374,3373&#8243;][\/vc_column][\/vc_row]<\/p>\n<\/div>","protected":false},"excerpt":{"rendered":"<p>[vc_row full_width=&#8220;stretch_row&#8220; css=&#8220;.vc_custom_1479464944845{background-position: center !important;background-repeat: no-repeat !important;background-size: cover !important;}&#8220;][vc_column width=&#8220;1\/2&#8243;][vc_single_image image=&#8220;3449&#8243; img_size=&#8220;large&#8220; style=&#8220;vc_box_rounded&#8220; css_animation=&#8220;left-to-right&#8220;][\/vc_column][vc_column width=&#8220;1\/2&#8243;][vc_column_text css_animation=&#8220;right-to-left&#8220;] HotelSmyros Resort Die Hotelanlage [&hellip;]<\/p>\n","protected":false},"author":1,"featured_media":0,"parent":0,"menu_order":0,"comment_status":"closed","ping_status":"open","template":"","meta":{"footnotes":""},"class_list":["post-3849","page","type-page","status-publish","hentry"],"_links":{"self":[{"href":"https:\/\/smyrosresort.gr\/de\/wp-json\/wp\/v2\/pages\/3849","targetHints":{"allow":["GET"]}}],"collection":[{"href":"https:\/\/smyrosresort.gr\/de\/wp-json\/wp\/v2\/pages"}],"about":[{"href":"https:\/\/smyrosresort.gr\/de\/wp-json\/wp\/v2\/types\/page"}],"author":[{"embeddable":true,"href":"https:\/\/smyrosresort.gr\/de\/wp-json\/wp\/v2\/users\/1"}],"replies":[{"embeddable":true,"href":"https:\/\/smyrosresort.gr\/de\/wp-json\/wp\/v2\/comments?post=3849"}],"version-history":[{"count":6,"href":"https:\/\/smyrosresort.gr\/de\/wp-json\/wp\/v2\/pages\/3849\/revisions"}],"predecessor-version":[{"id":4201,"href":"https:\/\/smyrosresort.gr\/de\/wp-json\/wp\/v2\/pages\/3849\/revisions\/4201"}],"wp:attachment":[{"href":"https:\/\/smyrosresort.gr\/de\/wp-json\/wp\/v2\/media?parent=3849"}],"curies":[{"name":"wp","href":"https:\/\/api.w.org\/{rel}","templated":true}]}}